{"id":82937,"date":"2016-03-06T14:59:41","date_gmt":"2016-03-06T19:59:41","guid":{"rendered":"http:\/\/fr.laps.yorku.ca\/fr\/?page_id=82937"},"modified":"2016-03-06T15:04:59","modified_gmt":"2016-03-06T20:04:59","slug":"programme-de-premier-cycle","status":"publish","type":"page","link":"https:\/\/fr.laps.yorku.ca\/fr\/programme-de-premier-cycle\/","title":{"rendered":"Programme de premier cycle"},"content":{"rendered":"<h3>Aper\u00e7u du programme d'\u00e9tudes du premier cycle<\/h3>\n<p>Le programme d'\u00e9tudes fran\u00e7aises du premier cycle se compose de trois volets:<\/p>\n<p>- Dans le <strong>programme de Langue<\/strong>, les cours visent \u00e0 d\u00e9velopper chez les \u00e9tudiants l'expression orale et \u00e9crite et la compr\u00e9hension orale et \u00e9crite tout en leur donnant l'occasion d'explorer les aspects multiples de la culture francophone dans le monde.<\/p>\n<p>- Le <strong>programme de Llinguistique<\/strong> familiarise les \u00e9tudiants avec les diff\u00e9rentes branches de la linguistique, qui sont pr\u00e9sent\u00e9es \u00e0 travers des approches th\u00e9oriques diverses telles que la th\u00e9orie structuraliste, la th\u00e9orie de l'\u00e9nonciation et la th\u00e9orie g\u00e9n\u00e9rativiste.<\/p>\n<p>- Le <strong>programme de Litt\u00e9rature<\/strong> offre des cours ax\u00e9s sur les litt\u00e9ratures et les cultures du monde francophone avec une concentration sur les litt\u00e9ratures fran\u00e7aise et canadienne fran\u00e7aise. Il permet aux \u00e9tudiants d'acqu\u00e9rir des comp\u00e9tences d'analyse et d'explication de texte tout en leur pr\u00e9sentant diverses approches th\u00e9oriques et philosophiques.<\/p>\n<p>Les \u00e9tudiants ne sont pas oblig\u00e9s de se sp\u00e9cialiser en linguistique ou litt\u00e9rature. Cependant certains programmes de 2e ou 3e cycle, de p\u00e9dagogie, de traduction ou d'interpr\u00e9tation, exigent que les \u00e9tudiant\/es aient suivi certains cours de litt\u00e9rature et\/ou de linguistique au premier cycle.<\/p>\n<p>Les cours AP\/FR 1020 6.0 Cours de fran\u00e7ais \u00e9l\u00e9mentaire pour faux d\u00e9butants et AP\/FR 1030 6.0 Cours de fran\u00e7ais, niveau interm\u00e9diaire ne comptent pas pour la sp\u00e9cialisation, mais permettent d'acc\u00e9der au cours AP\/FR 1080 6.0 et de se sp\u00e9cialiser en \u00e9tudes fran\u00e7aises.<\/p>\n<p><strong>Remarque<\/strong>: Tout enseignement, toute discussion, tout travail \u00e9crit et tout examen se fait en fran\u00e7ais (except\u00e9 au d\u00e9but du cours FR 1020 6.0).<\/p>\n<p>&nbsp;<\/p>\n","protected":false},"excerpt":{"rendered":"<p>Aper\u00e7u du programme d'\u00e9tudes du premier cycle Le programme d'\u00e9tudes fran\u00e7aises du premier cycle se compose de trois volets: - Dans le programme de Langue, les cours visent \u00e0 d\u00e9velopper chez les \u00e9tudiants l'expression orale et \u00e9crite et la compr\u00e9hension orale et \u00e9crite tout en leur donnant l'occasion d'explorer les aspects multiples de la culture [&hellip;]<\/p>\n","protected":false},"author":596,"featured_media":0,"parent":0,"menu_order":0,"comment_status":"closed","ping_status":"closed","template":"","meta":{"_links_to":"","_links_to_target":""},"aioseo_notices":[],"_links":{"self":[{"href":"https:\/\/fr.laps.yorku.ca\/fr\/wp-json\/wp\/v2\/pages\/82937"}],"collection":[{"href":"https:\/\/fr.laps.yorku.ca\/fr\/wp-json\/wp\/v2\/pages"}],"about":[{"href":"https:\/\/fr.laps.yorku.ca\/fr\/wp-json\/wp\/v2\/types\/page"}],"author":[{"embeddable":true,"href":"https:\/\/fr.laps.yorku.ca\/fr\/wp-json\/wp\/v2\/users\/596"}],"replies":[{"embeddable":true,"href":"https:\/\/fr.laps.yorku.ca\/fr\/wp-json\/wp\/v2\/comments?post=82937"}],"version-history":[{"count":3,"href":"https:\/\/fr.laps.yorku.ca\/fr\/wp-json\/wp\/v2\/pages\/82937\/revisions"}],"predecessor-version":[{"id":82946,"href":"https:\/\/fr.laps.yorku.ca\/fr\/wp-json\/wp\/v2\/pages\/82937\/revisions\/82946"}],"wp:attachment":[{"href":"https:\/\/fr.laps.yorku.ca\/fr\/wp-json\/wp\/v2\/media?parent=82937"}],"curies":[{"name":"wp","href":"https:\/\/api.w.org\/{rel}","templated":true}]}}