{"id":82872,"date":"2016-03-06T14:13:19","date_gmt":"2016-03-06T19:13:19","guid":{"rendered":"http:\/\/fr.laps.yorku.ca\/fr\/?page_id=82872"},"modified":"2018-04-30T15:57:29","modified_gmt":"2018-04-30T19:57:29","slug":"recherche","status":"publish","type":"page","link":"https:\/\/fr.laps.yorku.ca\/fr\/recherche\/","title":{"rendered":"Recherche"},"content":{"rendered":"\n\n\n<div id=\"wpv-view-layout-99151\" class=\"js-wpv-view-layout js-wpv-layout-responsive js-wpv-view-layout-99151\" data-viewnumber=\"99151\" data-pagination=\"{&quot;id&quot;:99151,&quot;query&quot;:&quot;normal&quot;,&quot;type&quot;:&quot;disabled&quot;,&quot;effect&quot;:&quot;fade&quot;,&quot;duration&quot;:&quot;500&quot;,&quot;speed&quot;:&quot;5&quot;,&quot;pause_on_hover&quot;:&quot;disabled&quot;,&quot;stop_rollover&quot;:&quot;false&quot;,&quot;cache_pages&quot;:&quot;enabled&quot;,&quot;preload_images&quot;:&quot;enabled&quot;,&quot;preload_pages&quot;:&quot;enabled&quot;,&quot;preload_reach&quot;:&quot;1&quot;,&quot;spinner&quot;:&quot;builtin&quot;,&quot;spinner_image&quot;:&quot;https:\/\/eso1.blog.yorku.ca\/wp-content\/plugins\/wp-views\/res\/img\/ajax-loader.gif&quot;,&quot;callback_next&quot;:&quot;&quot;,&quot;manage_history&quot;:&quot;enabled&quot;,&quot;has_controls_in_form&quot;:&quot;disabled&quot;,&quot;infinite_tolerance&quot;:&quot;0&quot;,&quot;max_pages&quot;:0,&quot;page&quot;:1,&quot;base_permalink&quot;:&quot;\/fr\/wp-json\/wp\/v2\/pages\/82872?wpv_view_count=99151&amp;wpv_paged=WPV_PAGE_NUM&quot;,&quot;loop&quot;:{&quot;type&quot;:&quot;&quot;,&quot;name&quot;:&quot;&quot;,&quot;data&quot;:[],&quot;id&quot;:0}}\" data-permalink=\"\/fr\/wp-json\/wp\/v2\/pages\/82872?wpv_view_count=99151\">\n\n\t\n<div class=\"divTable\">\n            <div class=\"headRow\">\n\n\t\n\t\t\n          <div class=\"divCell\">\n  <div class=\"divCell-grid-item\">\n            <a class=\"clean-link\" href=\"https:\/\/fr.laps.yorku.ca\/fr\/recent-book-release\/mise-en-pratique\/\">\n              <!--<img decoding=\"async\" class=\"divCell-img\" src=\"[types field='book-cover' output='raw'][\/types]\" alt='[wpv-post-title]' width='200' height='300'>-->\n                <div class=\"divCell-img\"><img decoding=\"async\" src=\"https:\/\/fr.laps.yorku.ca\/files\/2020\/06\/Mise-En-Pratique-New-textbook-scaled-wpcf_200x300.jpg\" title=\"Mise En Pratique - New textbook\" \/><\/div>\n                <div class=\"divCell-overlay\"><\/div>\n<\/a> \n        <\/div>\n  <p>Alain Favrod, Louise Morrison, <a href=\"http:\/\/catalogue.pearsoned.ca\/educator\/product\/Mise-en-pratique-Manuel-de-lecture-vocabulaire-grammaire-et-expression-ecrite\/9780321714497.page\" target=\"_blank\" rel=\"noopener noreferrer\">Mise en pratique<\/a>, Pearson Education Canada, 2017.<\/p>\n\n<\/div>\n\t\t\n          <div class=\"divCell\">\n  <div class=\"divCell-grid-item\">\n            <a class=\"clean-link\" href=\"https:\/\/fr.laps.yorku.ca\/fr\/recent-book-release\/notes-guillevic-notes\/\">\n              <!--<img decoding=\"async\" class=\"divCell-img\" src=\"[types field='book-cover' output='raw'][\/types]\" alt='[wpv-post-title]' width='200' height='300'>-->\n                <div class=\"divCell-img\"><img decoding=\"async\" src=\"https:\/\/fr.laps.yorku.ca\/files\/2016\/03\/sergio1-wpcf_200x300.jpg\" title=\"sergio1\" \/><\/div>\n                <div class=\"divCell-overlay\"><\/div>\n<\/a> \n        <\/div>\n  <p>Sergio Villani (red.), <a href=\"http:\/\/ngn.journals.yorku.ca\/index.php\/ngn\" target=\"_blank\" rel=\"noopener\">Notes Guillevic Notes<\/a>, revue bilingue en-ligne\/Bilingual Online Journal.<\/p>\n\n<\/div>\n\t\t\n          <div class=\"divCell\">\n  <div class=\"divCell-grid-item\">\n            <a class=\"clean-link\" href=\"https:\/\/fr.laps.yorku.ca\/fr\/recent-book-release\/nomadivivance-i\/\">\n              <!--<img decoding=\"async\" class=\"divCell-img\" src=\"[types field='book-cover' output='raw'][\/types]\" alt='[wpv-post-title]' width='200' height='300'>-->\n                <div class=\"divCell-img\"><img decoding=\"async\" src=\"https:\/\/fr.laps.yorku.ca\/files\/2015\/06\/NomadiVivanceCover-wpcf_200x300.jpg\" alt=\"Nomadi Vivance Cover\" title=\"NomadiVivanceCover\" \/><\/div>\n                <div class=\"divCell-overlay\"><\/div>\n<\/a> \n        <\/div>\n  <p>H\u00e9di Bouraoui, <a href=\"http:\/\/www.torontopubliclibrary.ca\/detail.jsp?Entt=RDM3471935&amp;R=3471935\" target=\"_blank\" rel=\"noopener\">NomadiVivance I<\/a>, Toronto: CMC \u00c9ditions, 2016.<\/p>\n\n<\/div>\n\t\t\n          <div class=\"divCell\">\n  <div class=\"divCell-grid-item\">\n            <a class=\"clean-link\" href=\"https:\/\/fr.laps.yorku.ca\/fr\/recent-book-release\/mutante-la-poesie\/\">\n              <!--<img decoding=\"async\" class=\"divCell-img\" src=\"[types field='book-cover' output='raw'][\/types]\" alt='[wpv-post-title]' width='200' height='300'>-->\n                <div class=\"divCell-img\"><img decoding=\"async\" src=\"https:\/\/fr.laps.yorku.ca\/files\/2017\/11\/mutante-wpcf_200x300.png\" alt=\"Mutante, la po\u00e9sie\" title=\"mutante\" \/><\/div>\n                <div class=\"divCell-overlay\"><\/div>\n<\/a> \n        <\/div>\n  <p>H\u00e9di Bouraoui, <a href=\"https:\/\/yorkspace.library.yorku.ca\/xmlui\/bitstream\/handle\/10315\/31189\/978-2-924319-16-1%20MutantelaPo%C3%A9sie.pdf?sequence=1\" target=\"_blank\" rel=\"noopener\">Mutante, la po\u00e9sie<\/a>\u00a0(PDF), Toronto: CMC \u00c9ditions, 2015.<\/p>\n\n<\/div>\n\t\t\n          <div class=\"divCell\">\n  <div class=\"divCell-grid-item\">\n            <a class=\"clean-link\" href=\"https:\/\/fr.laps.yorku.ca\/fr\/recent-book-release\/de-la-simplicite-comme-mode-demploi\/\">\n              <!--<img decoding=\"async\" class=\"divCell-img\" src=\"[types field='book-cover' output='raw'][\/types]\" alt='[wpv-post-title]' width='200' height='300'>-->\n                <div class=\"divCell-img\"><img decoding=\"async\" src=\"https:\/\/fr.laps.yorku.ca\/files\/2016\/03\/simple-wpcf_200x300.jpg\" title=\"simple\" \/><\/div>\n                <div class=\"divCell-overlay\"><\/div>\n<\/a> \n        <\/div>\n  <p>Janusz Przychodzen, <a href=\"https:\/\/www.pulaval.com\/produit\/de-la-simplicite-comme-mode-d-emploi-usages-de-la-morale-en-litterature-minimaliste-du-quebec\" target=\"_blank\" rel=\"noopener\">De la simplicit\u00e9 comme mode d'emploi<\/a>, Presses de l'Universit\u00e9 Laval, 2014.<\/p>\n\n<\/div>\n\t\t\n          <div class=\"divCell\">\n  <div class=\"divCell-grid-item\">\n            <a class=\"clean-link\" href=\"https:\/\/fr.laps.yorku.ca\/fr\/recent-book-release\/dictionnaire-analytique-des-toponymes-imaginaires-dans-la-litterature-narrative-de-langue-francaise-1605-1711\/\">\n              <!--<img decoding=\"async\" class=\"divCell-img\" src=\"[types field='book-cover' output='raw'][\/types]\" alt='[wpv-post-title]' width='200' height='300'>-->\n                <div class=\"divCell-img\"><img decoding=\"async\" src=\"https:\/\/fr.laps.yorku.ca\/files\/2016\/03\/pioffet-wpcf_200x300.jpg\" alt=\"Dictionnaire analytique des toponymes imaginaires dans la litt\u00e9rature narrative de langue fran\u00e7aise (1605-1711)\" title=\"pioffet\" \/><\/div>\n                <div class=\"divCell-overlay\"><\/div>\n<\/a> \n        <\/div>\n  <p>Marie-Christine Pioffet, <a href=\"http:\/\/www.editions-hermann.fr\/4226-dictionnaire-analytique-des-toponymes-imaginaires-dans-la-litterature-narrative-de-langue-francaise-1605-1711.html\" target=\"_blank\" rel=\"noopener\">Dictionnaire analytique des toponymes imaginaires dans la litt\u00e9rature narrative de langue fran\u00e7aise (1605-1711)<\/a>, Paris : Hermann, 2013.<\/p>\n\n<\/div>\n\t\t\n          <div class=\"divCell\">\n  <div class=\"divCell-grid-item\">\n            <a class=\"clean-link\" href=\"https:\/\/fr.laps.yorku.ca\/fr\/recent-book-release\/ecritures-quebecoises-inspirations-orientales-quebec\/\">\n              <!--<img decoding=\"async\" class=\"divCell-img\" src=\"[types field='book-cover' output='raw'][\/types]\" alt='[wpv-post-title]' width='200' height='300'>-->\n                <div class=\"divCell-img\"><img decoding=\"async\" src=\"https:\/\/fr.laps.yorku.ca\/files\/2016\/03\/thumb_L97827637985781-wpcf_200x300.jpg\" alt=\"\u00c9critures qu\u00e9b\u00e9coises, inspirations orientales, Qu\u00e9bec\" title=\"thumb_L97827637985781\" \/><\/div>\n                <div class=\"divCell-overlay\"><\/div>\n<\/a> \n        <\/div>\n  <p>Janusz Przychodzen, <a href=\"https:\/\/www.pulaval.com\/produit\/ecritures-quebecoises-inspirations-orientales-dialogues-reinventes\" target=\"_blank\" rel=\"noopener\">\u00c9critures qu\u00e9b\u00e9coises, inspirations orientales, Qu\u00e9bec<\/a>, Presses de l'Universit\u00e9 Laval, 2013.<\/p>\n\n<\/div>\n\t\t\n          <div class=\"divCell\">\n  <div class=\"divCell-grid-item\">\n            <a class=\"clean-link\" href=\"https:\/\/fr.laps.yorku.ca\/fr\/recent-book-release\/langages-poetiques-et-poesie-francophone-en-amerique-du-nord\/\">\n              <!--<img decoding=\"async\" class=\"divCell-img\" src=\"[types field='book-cover' output='raw'][\/types]\" alt='[wpv-post-title]' width='200' height='300'>-->\n                <div class=\"divCell-img\"><img decoding=\"async\" src=\"https:\/\/fr.laps.yorku.ca\/files\/2016\/03\/langages2012-wpcf_200x300.jpg\" alt=\"Langages po\u00e9tiques et po\u00e9sie francophone en Am\u00e9rique du Nord\" title=\"langages2012\" \/><\/div>\n                <div class=\"divCell-overlay\"><\/div>\n<\/a> \n        <\/div>\n  <p>L\u00e9lia Young (dir.) <a href=\"https:\/\/www.pulaval.com\/produit\/langages-poetiques-et-poesie-francophone-en-amerique-du-nord\" target=\"_blank\" rel=\"noopener\">Langages po\u00e9tiques et po\u00e9sie francophone en Am\u00e9rique du Nord<\/a>, Presses de l'Universit\u00e9 Laval, 2012.<\/p>\n\n<\/div>\n\t\t\n          <div class=\"divCell\">\n  <div class=\"divCell-grid-item\">\n            <a class=\"clean-link\" href=\"https:\/\/fr.laps.yorku.ca\/fr\/recent-book-release\/correspondance-de-mme-de-graffigny-vol-13\/\">\n              <!--<img decoding=\"async\" class=\"divCell-img\" src=\"[types field='book-cover' output='raw'][\/types]\" alt='[wpv-post-title]' width='200' height='300'>-->\n                <div class=\"divCell-img\"><img decoding=\"async\" src=\"https:\/\/fr.laps.yorku.ca\/files\/2017\/11\/mme-de-graffigny-wpcf_200x300.jpg\" alt=\"Correspondance de Mme de Graffigny, vol 13\" title=\"mme de graffigny\" \/><\/div>\n                <div class=\"divCell-overlay\"><\/div>\n<\/a> \n        <\/div>\n  <p>Diane Woody (ed.), <a href=\"http:\/\/www.voltaire.ox.ac.uk\/book\/correspondance-de-mme-de-graffigny-11\" target=\"_blank\" rel=\"noopener\">Correspondance de Mme de Graffigny, vol 13<\/a>, Oxford: Voltaire Foundation, 2010.<\/p>\n\n<\/div>\n\t\t\n          <div class=\"divCell\">\n  <div class=\"divCell-grid-item\">\n            <a class=\"clean-link\" href=\"https:\/\/fr.laps.yorku.ca\/fr\/recent-book-release\/asie-du-soi-asie-de-lautre\/\">\n              <!--<img decoding=\"async\" class=\"divCell-img\" src=\"[types field='book-cover' output='raw'][\/types]\" alt='[wpv-post-title]' width='200' height='300'>-->\n                <div class=\"divCell-img\"><img decoding=\"async\" src=\"https:\/\/fr.laps.yorku.ca\/files\/2016\/03\/L97827637874591-wpcf_200x300.jpg\" alt=\"Asie du soi, Asie de l'autre\" title=\"L97827637874591\" \/><\/div>\n                <div class=\"divCell-overlay\"><\/div>\n<\/a> \n        <\/div>\n  <p>Janusz Przychodzen (dir.), <a href=\"https:\/\/www.pulaval.com\/produit\/asie-du-soi-asie-de-l-autre-recits-et-figures-de-l-alterite\" target=\"_blank\" rel=\"noopener\">Asie du soi, Asie de l'autre<\/a>, Presses de l'Universit\u00e9 Laval, 2009.<\/p>\n\n<\/div>\n\t\t\n          <div class=\"divCell\">\n  <div class=\"divCell-grid-item\">\n            <a class=\"clean-link\" href=\"https:\/\/fr.laps.yorku.ca\/fr\/recent-book-release\/espaces-lointains-espaces-reves\/\">\n              <!--<img decoding=\"async\" class=\"divCell-img\" src=\"[types field='book-cover' output='raw'][\/types]\" alt='[wpv-post-title]' width='200' height='300'>-->\n                <div class=\"divCell-img\"><img decoding=\"async\" src=\"https:\/\/fr.laps.yorku.ca\/files\/2016\/03\/1370000_3267283-wpcf_200x300.jpg\" alt=\"Espaces lointains, espaces r\u00eav\u00e9s\" title=\"1370000_3267283\" \/><\/div>\n                <div class=\"divCell-overlay\"><\/div>\n<\/a> \n        <\/div>\n  <p>Marie-Christine Pioffet, <a href=\"http:\/\/pups.paris-sorbonne.fr\/catalogue\/litteratures-francaises-comparee-et-langue\/imago-mundi\/espaces-lointains-espaces-reves-ndeg13-coll\" target=\"_blank\" rel=\"noopener\">Espaces lointains, espaces r\u00eav\u00e9s<\/a>, P U De Paris-Sorbonne, 2007.<\/p>\n\n<\/div>\n\t\t\n          <div class=\"divCell\">\n  <div class=\"divCell-grid-item\">\n            <a class=\"clean-link\" href=\"https:\/\/fr.laps.yorku.ca\/fr\/recent-book-release\/la-francophonie-esthetique-et-dynamique-de-la-liberation\/\">\n              <!--<img decoding=\"async\" class=\"divCell-img\" src=\"[types field='book-cover' output='raw'][\/types]\" alt='[wpv-post-title]' width='200' height='300'>-->\n                <div class=\"divCell-img\"><img decoding=\"async\" src=\"https:\/\/fr.laps.yorku.ca\/files\/2016\/03\/badr1-wpcf_200x300.jpg\" alt=\"La Francophonie. Esth\u00e9tique et dynamique de la lib\u00e9ration\" title=\"badr1\" \/><\/div>\n                <div class=\"divCell-overlay\"><\/div>\n<\/a> \n        <\/div>\n  <p>Ibrahim Badr (dir.), <a href=\"https:\/\/searchworks.stanford.edu\/view\/6844757\" target=\"_blank\" rel=\"noopener\">La Francophonie. Esth\u00e9tique et dynamique de la lib\u00e9ration<\/a>, Peter Lang, 2007.<\/p>\n\n<\/div>\n\t\t\n          <div class=\"divCell\">\n  <div class=\"divCell-grid-item\">\n            <a class=\"clean-link\" href=\"https:\/\/fr.laps.yorku.ca\/fr\/recent-book-release\/pause-cafe-methode-de-francais\/\">\n              <!--<img decoding=\"async\" class=\"divCell-img\" src=\"[types field='book-cover' output='raw'][\/types]\" alt='[wpv-post-title]' width='200' height='300'>-->\n                <div class=\"divCell-img\"><img decoding=\"async\" src=\"https:\/\/fr.laps.yorku.ca\/files\/2016\/03\/pause-wpcf_200x300.jpg\" alt=\"Pause caf\u00e9. M\u00e9thode de fran\u00e7ais\" title=\"pause\" \/><\/div>\n                <div class=\"divCell-overlay\"><\/div>\n<\/a> \n        <\/div>\n  <p>Anat Avitzur, Elsa Michael, <a href=\"http:\/\/collegialuniversitaire.groupemodulo.com\/2521-pause-cafe-methode-de-francais-produit.html?DOSSIERID=0\" target=\"_blank\" rel=\"noopener\">Pause caf\u00e9. M\u00e9thode de fran\u00e7ais<\/a>, Montr\u00e9al: Thomson-Groupe Modulo, 2006.<\/p>\n\n<\/div>\n\t\t\n\t\n               <\/div>\n\n<\/div>\n\t\n\t\n<\/div>\n","protected":false},"excerpt":{"rendered":"","protected":false},"author":596,"featured_media":0,"parent":0,"menu_order":0,"comment_status":"closed","ping_status":"open","template":"","meta":{"_links_to":"","_links_to_target":""},"aioseo_notices":[],"_links":{"self":[{"href":"https:\/\/fr.laps.yorku.ca\/fr\/wp-json\/wp\/v2\/pages\/82872"}],"collection":[{"href":"https:\/\/fr.laps.yorku.ca\/fr\/wp-json\/wp\/v2\/pages"}],"about":[{"href":"https:\/\/fr.laps.yorku.ca\/fr\/wp-json\/wp\/v2\/types\/page"}],"author":[{"embeddable":true,"href":"https:\/\/fr.laps.yorku.ca\/fr\/wp-json\/wp\/v2\/users\/596"}],"replies":[{"embeddable":true,"href":"https:\/\/fr.laps.yorku.ca\/fr\/wp-json\/wp\/v2\/comments?post=82872"}],"version-history":[{"count":5,"href":"https:\/\/fr.laps.yorku.ca\/fr\/wp-json\/wp\/v2\/pages\/82872\/revisions"}],"predecessor-version":[{"id":99192,"href":"https:\/\/fr.laps.yorku.ca\/fr\/wp-json\/wp\/v2\/pages\/82872\/revisions\/99192"}],"wp:attachment":[{"href":"https:\/\/fr.laps.yorku.ca\/fr\/wp-json\/wp\/v2\/media?parent=82872"}],"curies":[{"name":"wp","href":"https:\/\/api.w.org\/{rel}","templated":true}]}}