{"id":82779,"date":"2016-03-06T13:42:47","date_gmt":"2016-03-06T18:42:47","guid":{"rendered":"http:\/\/fr.laps.yorku.ca\/fr\/?page_id=82779"},"modified":"2016-03-08T15:09:34","modified_gmt":"2016-03-08T20:09:34","slug":"a-propos-de-nous","status":"publish","type":"page","link":"https:\/\/fr.laps.yorku.ca\/fr\/a-propos-de-nous\/","title":{"rendered":"\u00c0 propos"},"content":{"rendered":"<ul>\n<li><a href=\"http:\/\/fr.laps.yorku.ca\/fr\/a-propos-de-nous\/videos-liees\/\">Vid\u00e9os li\u00e9es<\/a><\/li>\n<li><a href=\"http:\/\/fr.laps.yorku.ca\/fr\/a-propos-de-nous\/conferences-et-colloques-passes\/\">Conf\u00e9rences et colloques pass\u00e9s<\/a><\/li>\n<\/ul>\n","protected":false},"excerpt":{"rendered":"<p>Vid\u00e9os li\u00e9es Conf\u00e9rences et colloques pass\u00e9s<\/p>\n","protected":false},"author":596,"featured_media":0,"parent":0,"menu_order":0,"comment_status":"closed","ping_status":"open","template":"","meta":{"_links_to":"","_links_to_target":""},"aioseo_notices":[],"_links":{"self":[{"href":"https:\/\/fr.laps.yorku.ca\/fr\/wp-json\/wp\/v2\/pages\/82779"}],"collection":[{"href":"https:\/\/fr.laps.yorku.ca\/fr\/wp-json\/wp\/v2\/pages"}],"about":[{"href":"https:\/\/fr.laps.yorku.ca\/fr\/wp-json\/wp\/v2\/types\/page"}],"author":[{"embeddable":true,"href":"https:\/\/fr.laps.yorku.ca\/fr\/wp-json\/wp\/v2\/users\/596"}],"replies":[{"embeddable":true,"href":"https:\/\/fr.laps.yorku.ca\/fr\/wp-json\/wp\/v2\/comments?post=82779"}],"version-history":[{"count":3,"href":"https:\/\/fr.laps.yorku.ca\/fr\/wp-json\/wp\/v2\/pages\/82779\/revisions"}],"predecessor-version":[{"id":84987,"href":"https:\/\/fr.laps.yorku.ca\/fr\/wp-json\/wp\/v2\/pages\/82779\/revisions\/84987"}],"wp:attachment":[{"href":"https:\/\/fr.laps.yorku.ca\/fr\/wp-json\/wp\/v2\/media?parent=82779"}],"curies":[{"name":"wp","href":"https:\/\/api.w.org\/{rel}","templated":true}]}}