{"id":49716,"date":"2016-02-04T15:39:17","date_gmt":"2016-02-04T20:39:17","guid":{"rendered":"http:\/\/fr.laps.yorku.ca\/?page_id=49716&#038;lang=fr"},"modified":"2020-05-28T16:29:53","modified_gmt":"2020-05-28T20:29:53","slug":"tous-les-cours","status":"publish","type":"page","link":"https:\/\/fr.laps.yorku.ca\/fr\/cours\/tous-les-cours\/","title":{"rendered":"Tous les cours"},"content":{"rendered":"<p>Veuillez noter que certains cours ne sont pas offerts chaque trimestre.<\/p>\n<div id=\"squelch-taas-accordion-0\" class=\"squelch-taas-accordion squelch-taas-override\" data-active=\"\" data-disabled=\"false\" data-autoheight=\"false\" data-collapsible=\"true\"><h3 id=\"squelch-taas-header-0\"><a href=\"#squelch-taas-accordion-shortcode-content-0\">Cours de niveau 1000<\/a><\/h3><div id=\"squelch-taas-accordion-shortcode-content-0\" class=\"squelch-taas-accordion-shortcode-content squelch-taas-accordion-shortcode-content-0\"><strong>Cours d\u2019\u00e9ducation g\u00e9n\u00e9rale (enseign\u00e9 en fran\u00e7ais)<\/strong><br \/>\nAP\/FR 1005 6.0 Aspects de la culture fran\u00e7aise<\/p>\n<p><strong>Langue<\/strong><\/p>\n<p>AP\/FR 1020 6.0 Cours de fran\u00e7ais \u00e9l\u00e9mentaire pour faux d\u00e9butants<br \/>\nAP\/FR 1030 6.0 Cours de fran\u00e7ais, niveau interm\u00e9diaire<br \/>\nAP\/FR 1080 6.0 Langue et culture du monde francophone<\/div>\n<h3 id=\"squelch-taas-header-1\"><a href=\"#squelch-taas-accordion-shortcode-content-1\">Cours de niveau 2000<\/a><\/h3><div id=\"squelch-taas-accordion-shortcode-content-1\" class=\"squelch-taas-accordion-shortcode-content squelch-taas-accordion-shortcode-content-1\"><strong>Langue<\/strong><\/p>\n<p>AP\/FR 2060 3.0 Culture, Marketing, Operations in French<br \/>\nAP\/FR 2061 3.0 Culture, Management, Strategy in French<br \/>\nAP\/FR 2081 3.0 Written Communication in French<br \/>\nAP\/FR 2082 3.0 Oral Communication in French<\/p>\n<p><strong>Linguistique<\/strong><\/p>\n<p>AP\/FR 2100 6.0 Introduction to the Linguistic Study of French<\/p>\n<p><strong>Litt\u00e9rature<\/strong><\/p>\n<p>AP\/FR 2200 6.0 Approaches to French Literature: An Introduction<\/div>\n<h3 id=\"squelch-taas-header-2\"><a href=\"#squelch-taas-accordion-shortcode-content-2\">Cours de niveau 3000<\/a><\/h3><div id=\"squelch-taas-accordion-shortcode-content-2\" class=\"squelch-taas-accordion-shortcode-content squelch-taas-accordion-shortcode-content-2\"><strong>Langue<\/strong><\/p>\n<p>AP\/FR 3060 3.0 The Culture of Negotiation in French<br \/>\nAP?FR 3061 3.0 Corporate Trends in Today's World in French<br \/>\nAP\/FR 3080 6.0 French Language and Society<br \/>\nAP\/FR 3081 3.0 Advanced Written Communication in French<br \/>\nAP\/FR 3082 3.0 Advanced Oral Communication in French<\/p>\n<p><strong>Linguistique<\/strong><\/p>\n<p>AP\/FR 3100 6.0 French Morphosyntax<br \/>\nAP\/FR 3110 6.0 French Sociolinguistics<br \/>\nAP\/FR 3121 6.0 Translation and Contrastive Linguistics<br \/>\nAP\/FR 3130 6.0 French Semantics and Lexicology<br \/>\nAP\/FR 3140 6.0 French Phonetics and Oral Performance<\/p>\n<p><strong>Litt\u00e9rature<\/strong><\/p>\n<p>AP\/FR 3340 6.0 Literature Written for Young People<br \/>\nAP\/FR 3360 6.0 Literature of French Canada<br \/>\nAP\/FR 3370 6.0 Women Writers Throughout the Ages<br \/>\nAP\/FR 3380 6.0 A Survey of Literature in French<br \/>\nAP\/FR 3390 6.0 Literature and Civilization<\/div>\n<h3 id=\"squelch-taas-header-3\"><a href=\"#squelch-taas-accordion-shortcode-content-3\">Cours de niveau 4000<\/a><\/h3><div id=\"squelch-taas-accordion-shortcode-content-3\" class=\"squelch-taas-accordion-shortcode-content squelch-taas-accordion-shortcode-content-3\"><strong>Langue<\/strong><\/p>\n<p>AP\/FR 4090 6.0 Language and Techniques of Communication<br \/>\nAP\/FR 4900 3.0 Individualized Study<br \/>\nAP\/FR 4900 6.0 Individualized Study<\/p>\n<p><strong>Linguistique<\/strong><\/p>\n<p>AP\/FR 4112 3.0 Perspective linguistique sur l'histoire du fran\u00e7ais<br \/>\nAP\/FR 4122 3.0 Mod\u00e8les th\u00e9oriques de l'acquisition des langues secondes<br \/>\nAP\/FR 4123 3.0 Les technologies d'information, de communication et multim\u00e9dia dans l'apprentissage des langues<br \/>\nAP\/FR 4125 3.0 La linguistique textuelle appliqu\u00e9 \u00e0 l'enseignement du fran\u00e7ais \u00e9crit<br \/>\nAP\/FR 4131 3.0 Histoire socio-politique du fran\u00e7ais au Canada<br \/>\nAP\/FR 4142 3.0 Linguistique \u00e9nonciative du fran\u00e7ais: la pragmatique<br \/>\nAP\/FR 4144 3.0 Les communications m\u00e9diatis\u00e9es dans un environnement culturel global<br \/>\nAP\/FR 4145 3.0 Rh\u00e9torique et s\u00e9miotique<br \/>\nAP\/FR 4152 3.0 Phon\u00e9tique et morphosyntaxe du fran\u00e7ais canadien<br \/>\nAP\/FR 4183 3.0 Les cr\u00e9oles \u00e0 base lexicale fran\u00e7aise<br \/>\nAP\/FR 4200 3.0 Typologie des langues<br \/>\nAP\/FR 4205 3.0 Phon\u00e9tique compar\u00e9e du fran\u00e7ais et des langues romanes<br \/>\nAP\/FR 4211 3.0 Philosophie du langage (domaine fran\u00e7ais)<br \/>\nAP\/FR 4222 3.0 Le monde francophone: Probl\u00e8mes contemporains<br \/>\nAP\/FR 4230 3.0 Le fran\u00e7ais oral: corpus et m\u00e9thodes descriptives<br \/>\nAP\/FR 4900 3.0 Cours individualis\u00e9<br \/>\nAP\/FR 4900 6.0 Cours individualis\u00e9<\/p>\n<p><strong>Litt\u00e9rature<\/strong><\/p>\n<p>AP\/FR 4321 3.0 Romans, contes et nouvelles du grand si\u00e8cle<br \/>\nAP\/FR 4323 3.0 Les arts du spectacle dans la France du dix-septi\u00e8me si\u00e8cle<br \/>\nAP\/FR 4324 3.0 Chefs d\u2019\u0153uvre du th\u00e9\u00e2tre fran\u00e7ais I<br \/>\nAP\/FR 4325 3.0 Chefs d\u2019\u0153uvre du th\u00e9\u00e2tre fran\u00e7ais II<br \/>\nAP\/FR 4331 3.0 Reason and Passion in 18th Century France<br \/>\nAP\/FR 4332 3.0 Comedy in the 18 th Century<br \/>\nAP\/FR 4341 3.0 Litt\u00e9rature fran\u00e7aise du 19\u00e8me si\u00e8cle: Le h\u00e9ros romantique<br \/>\nAP\/FR 4343 3.0 Litt\u00e9rature fran\u00e7aise du 19\u00e8me si\u00e8cle: vers la modernit\u00e9<br \/>\nAP\/FR 4351 3.0 Litt\u00e9rature fran\u00e7aise du 20e si\u00e8cle (1900-1950) : Le h\u00e9ros existentiel<br \/>\nAP\/FR 4353 3.0 La litt\u00e9rature fran\u00e7aise du 20e si\u00e8cle (1950-2000) : L'absurde et apr\u00e8s<br \/>\nAP\/FR 4361 3.0 Litt\u00e9rature francophone I: Vers l'ind\u00e9pendance<br \/>\nAP\/FR 4363 3.0 Litt\u00e9rature francophone II: Identit\u00e9s nouvelles<br \/>\nAP\/FR 4367 3.0 Les Am\u00e9riques dans la litt\u00e9rature qu\u00e9b\u00e9coise<br \/>\nAP\/FR 4371 3.0 Cin\u00e9ma et litt\u00e9rature fran\u00e7aise: Du mot \u00e0 l'image<br \/>\nAP\/FR 4373 3.0 Cin\u00e9ma et litt\u00e9rature fran\u00e7aise: Analyse du th\u00e8me<br \/>\nAP\/FR 4376 3.0 Cinema et th\u00e9\u00e2tre qu\u00e9b\u00e9cois<br \/>\nAP\/FR 4377 3.0 Contemporary Adventure Novel<br \/>\nAP\/FR 4381 3.0 La Com\u00e9die<br \/>\nAP\/FR 4383 3.0 La nouvelle au Canada fran\u00e7ais<br \/>\nAP\/FR 4900 3.0 Cours individualis\u00e9<br \/>\nAP\/FR 4900 6.0 Cours individualis\u00e9<\/div><\/div>\n\n","protected":false},"excerpt":{"rendered":"<p>Veuillez noter que certains cours ne sont pas offerts chaque trimestre.<\/p>\n","protected":false},"author":12763,"featured_media":0,"parent":83052,"menu_order":0,"comment_status":"closed","ping_status":"closed","template":"","meta":{"_links_to":"","_links_to_target":""},"aioseo_notices":[],"_links":{"self":[{"href":"https:\/\/fr.laps.yorku.ca\/fr\/wp-json\/wp\/v2\/pages\/49716"}],"collection":[{"href":"https:\/\/fr.laps.yorku.ca\/fr\/wp-json\/wp\/v2\/pages"}],"about":[{"href":"https:\/\/fr.laps.yorku.ca\/fr\/wp-json\/wp\/v2\/types\/page"}],"author":[{"embeddable":true,"href":"https:\/\/fr.laps.yorku.ca\/fr\/wp-json\/wp\/v2\/users\/12763"}],"replies":[{"embeddable":true,"href":"https:\/\/fr.laps.yorku.ca\/fr\/wp-json\/wp\/v2\/comments?post=49716"}],"version-history":[{"count":2,"href":"https:\/\/fr.laps.yorku.ca\/fr\/wp-json\/wp\/v2\/pages\/49716\/revisions"}],"predecessor-version":[{"id":99327,"href":"https:\/\/fr.laps.yorku.ca\/fr\/wp-json\/wp\/v2\/pages\/49716\/revisions\/99327"}],"up":[{"embeddable":true,"href":"https:\/\/fr.laps.yorku.ca\/fr\/wp-json\/wp\/v2\/pages\/83052"}],"wp:attachment":[{"href":"https:\/\/fr.laps.yorku.ca\/fr\/wp-json\/wp\/v2\/media?parent=49716"}],"curies":[{"name":"wp","href":"https:\/\/api.w.org\/{rel}","templated":true}]}}