{"id":49699,"date":"2016-02-04T14:48:10","date_gmt":"2016-02-04T19:48:10","guid":{"rendered":"http:\/\/fr.laps.yorku.ca\/?page_id=49699&#038;lang=fr"},"modified":"2016-03-06T16:35:18","modified_gmt":"2016-03-06T21:35:18","slug":"cours-requis","status":"publish","type":"page","link":"https:\/\/fr.laps.yorku.ca\/fr\/cours\/cours-requis\/","title":{"rendered":"Cours requis"},"content":{"rendered":"<h3>Bachelor of Arts Degree<\/h3>\n<p>Tout \u00e9tudiant d\u00e9sirant se sp\u00e9cialiser en \u00e9tudes fran\u00e7aises suivra obligatoirement:<\/p>\n<ul>\n<li>AP\/FR 1080 6.0 French Language and (Culture All Diplomas)<\/li>\n<li>AP\/FR 2081 3.0 Written Communication in French (All Diplomas except Minor in French*)<\/li>\n<li>AP\/FR 2082 3.0 Oral Communication in French (All Diplomas except Minor in French*)<\/li>\n<li>AP\/FR 2100 6.0 Introduction to the Linguistic Study of French (All Diplomas)<\/li>\n<li>AP\/FR 2200 6.0 Approaches to French Literature: An Introduction (All Diplomas)<\/li>\n<li>AP\/FR 3081 3.0 Advanced Written Communication in French<\/li>\n<li>AP\/FR 3082 3.0 Advanced Oral Communication in French<\/li>\n<li>AP\/FR 3080 6.0 French Language and Society<\/li>\n<li>AP\/FR 3089 6.0 French Language and Society (SU)<\/li>\n<\/ul>\n<p>*Les \u00e9tudiants qui optent pour une mineure en fran\u00e7ais peuvent choisir entre AP\/FR 2081 (3.0) et AP\/FR 2082 (3.0).<\/p>\n<p>** Les \u00e9tudiants peuvent chosir entre AP\/FR 3081 (3.0), AP\/FR 3082 (3.0), AP\/FR 3080 (6.0), and AP\/FR 3089 (6.0) SU. Ces cours ne sont pas obligatoires pour les \u00e9tudiants qui optent pour une mineure en fran\u00e7ais.<\/p>\n<p>Tous ces cours se donnent habituellement tous les ans.<\/p>\n","protected":false},"excerpt":{"rendered":"<p>Bachelor of Arts Degree Tout \u00e9tudiant d\u00e9sirant se sp\u00e9cialiser en \u00e9tudes fran\u00e7aises suivra obligatoirement: AP\/FR 1080 6.0 French Language and (Culture All Diplomas) AP\/FR 2081 3.0 Written Communication in French (All Diplomas except Minor in French*) AP\/FR 2082 3.0 Oral Communication in French (All Diplomas except Minor in French*) AP\/FR 2100 6.0 Introduction to the [&hellip;]<\/p>\n","protected":false},"author":12763,"featured_media":0,"parent":83052,"menu_order":0,"comment_status":"closed","ping_status":"closed","template":"","meta":{"_links_to":"","_links_to_target":""},"aioseo_notices":[],"_links":{"self":[{"href":"https:\/\/fr.laps.yorku.ca\/fr\/wp-json\/wp\/v2\/pages\/49699"}],"collection":[{"href":"https:\/\/fr.laps.yorku.ca\/fr\/wp-json\/wp\/v2\/pages"}],"about":[{"href":"https:\/\/fr.laps.yorku.ca\/fr\/wp-json\/wp\/v2\/types\/page"}],"author":[{"embeddable":true,"href":"https:\/\/fr.laps.yorku.ca\/fr\/wp-json\/wp\/v2\/users\/12763"}],"replies":[{"embeddable":true,"href":"https:\/\/fr.laps.yorku.ca\/fr\/wp-json\/wp\/v2\/comments?post=49699"}],"version-history":[{"count":2,"href":"https:\/\/fr.laps.yorku.ca\/fr\/wp-json\/wp\/v2\/pages\/49699\/revisions"}],"predecessor-version":[{"id":83083,"href":"https:\/\/fr.laps.yorku.ca\/fr\/wp-json\/wp\/v2\/pages\/49699\/revisions\/83083"}],"up":[{"embeddable":true,"href":"https:\/\/fr.laps.yorku.ca\/fr\/wp-json\/wp\/v2\/pages\/83052"}],"wp:attachment":[{"href":"https:\/\/fr.laps.yorku.ca\/fr\/wp-json\/wp\/v2\/media?parent=49699"}],"curies":[{"name":"wp","href":"https:\/\/api.w.org\/{rel}","templated":true}]}}