{"id":49697,"date":"2016-02-04T13:53:45","date_gmt":"2016-02-04T18:53:45","guid":{"rendered":"http:\/\/fr.laps.yorku.ca\/?page_id=49697&#038;lang=fr"},"modified":"2016-03-08T16:11:22","modified_gmt":"2016-03-08T21:11:22","slug":"programmes-et-cours","status":"publish","type":"page","link":"https:\/\/fr.laps.yorku.ca\/fr\/programmes-et-cours\/","title":{"rendered":"Programmes et Cours"},"content":{"rendered":"<ul>\n<li><a href=\"\/?page_id=83079\">Test de classement<\/a><\/li>\n<li><a href=\"\/?page_id=82937\">Programme de premier cycle<\/a><\/li>\n<li><a href=\"http:\/\/www.glendon.yorku.ca\/etudes-superieures-francais\/\">Programme d'\u00e9tudes sup\u00e9rieures<\/a><\/li>\n<li><a href=\"\/?page_id=82971\">Programmes de Certificat<\/a><\/li>\n<li><a href=\"\/?page_id=51161\">Programmes d'\u00e9changes<\/a><\/li>\n<li><a href=\"\/?page_id=83046\">Explore<\/a><\/li>\n<li><a href=\"\/?page_id=83052\">Cours<\/a><\/li>\n<\/ul>\n","protected":false},"excerpt":{"rendered":"<p>Test de classement Programme de premier cycle Programme d'\u00e9tudes sup\u00e9rieures Programmes de Certificat Programmes d'\u00e9changes Explore Cours<\/p>\n","protected":false},"author":12763,"featured_media":0,"parent":0,"menu_order":0,"comment_status":"closed","ping_status":"open","template":"","meta":{"_links_to":"","_links_to_target":""},"aioseo_notices":[],"_links":{"self":[{"href":"https:\/\/fr.laps.yorku.ca\/fr\/wp-json\/wp\/v2\/pages\/49697"}],"collection":[{"href":"https:\/\/fr.laps.yorku.ca\/fr\/wp-json\/wp\/v2\/pages"}],"about":[{"href":"https:\/\/fr.laps.yorku.ca\/fr\/wp-json\/wp\/v2\/types\/page"}],"author":[{"embeddable":true,"href":"https:\/\/fr.laps.yorku.ca\/fr\/wp-json\/wp\/v2\/users\/12763"}],"replies":[{"embeddable":true,"href":"https:\/\/fr.laps.yorku.ca\/fr\/wp-json\/wp\/v2\/comments?post=49697"}],"version-history":[{"count":6,"href":"https:\/\/fr.laps.yorku.ca\/fr\/wp-json\/wp\/v2\/pages\/49697\/revisions"}],"predecessor-version":[{"id":85048,"href":"https:\/\/fr.laps.yorku.ca\/fr\/wp-json\/wp\/v2\/pages\/49697\/revisions\/85048"}],"wp:attachment":[{"href":"https:\/\/fr.laps.yorku.ca\/fr\/wp-json\/wp\/v2\/media?parent=49697"}],"curies":[{"name":"wp","href":"https:\/\/api.w.org\/{rel}","templated":true}]}}